{"id":262944,"date":"2025-04-26T23:09:58","date_gmt":"2025-04-26T21:09:58","guid":{"rendered":"https:\/\/ophtavenir.com\/privacy-policy\/"},"modified":"2026-03-20T14:51:24","modified_gmt":"2026-03-20T13:51:24","slug":"privacy-policy","status":"publish","type":"page","link":"https:\/\/ophtavenir.com\/en\/privacy-policy\/","title":{"rendered":"Privacy Policy"},"content":{"rendered":"<p>[et_pb_section fb_built=&#8221;1&#8243; _builder_version=&#8221;4.27.4&#8243; _module_preset=&#8221;default&#8221; background_color=&#8221;#FFFFFF&#8221; custom_margin=&#8221;||100px||false|false&#8221; custom_padding=&#8221;|30px|0px|30px|false|false&#8221; global_colors_info=&#8221;{}&#8221;][et_pb_row _builder_version=&#8221;4.27.4&#8243; _module_preset=&#8221;default&#8221; width=&#8221;100%&#8221; max_width=&#8221;1200px&#8221; global_colors_info=&#8221;{}&#8221;][et_pb_column type=&#8221;4_4&#8243; _builder_version=&#8221;4.27.4&#8243; _module_preset=&#8221;default&#8221; global_colors_info=&#8221;{}&#8221;][et_pb_text module_class=&#8221;custombloch3&#8243; _builder_version=&#8221;4.27.4&#8243; _module_preset=&#8221;default&#8221; text_font=&#8221;Montserrat||||||||&#8221; text_text_color=&#8221;#000000&#8243; text_font_size=&#8221;16px&#8221; text_line_height=&#8221;1.6em&#8221; header_font=&#8221;Montserrat|700|||||||&#8221; header_text_color=&#8221;#000000&#8243; header_font_size=&#8221;25px&#8221; header_2_font=&#8221;Montserrat||||||||&#8221; header_2_text_align=&#8221;center&#8221; header_2_text_color=&#8221;#006275&#8243; header_2_font_size=&#8221;16px&#8221; header_2_line_height=&#8221;2em&#8221; header_3_font=&#8221;Montserrat|700|||||||&#8221; header_3_text_align=&#8221;left&#8221; header_3_text_color=&#8221;#201f1f&#8221; header_3_font_size=&#8221;25px&#8221; header_3_line_height=&#8221;1.4em&#8221; custom_margin=&#8221;||||false|false&#8221; custom_margin_tablet=&#8221;||||false|false&#8221; custom_margin_phone=&#8221;||||false|false&#8221; custom_margin_last_edited=&#8221;off|desktop&#8221; text_font_size_phone=&#8221;16px&#8221; text_font_size_last_edited=&#8221;off|desktop&#8221; header_2_line_height_tablet=&#8221;2em&#8221; header_2_line_height_phone=&#8221;1.4em&#8221; header_2_line_height_last_edited=&#8221;on|phone&#8221; header_3_line_height_phone=&#8221;1.4em&#8221; header_3_line_height_last_edited=&#8221;off|desktop&#8221; custom_css_free_form=&#8221;.custombloch3 h3 {||  margin-bottom: 30px||}&#8221; global_colors_info=&#8221;{}&#8221;]<\/p>\n<h1>Mentions l\u00e9gales<\/h1>\n<p>[\/et_pb_text][\/et_pb_column][\/et_pb_row][et_pb_row column_structure=&#8221;1_2,1_2&#8243; _builder_version=&#8221;4.27.4&#8243; _module_preset=&#8221;default&#8221; width=&#8221;100%&#8221; max_width=&#8221;1200px&#8221; global_colors_info=&#8221;{}&#8221;][et_pb_column type=&#8221;1_2&#8243; _builder_version=&#8221;4.27.4&#8243; _module_preset=&#8221;default&#8221; global_colors_info=&#8221;{}&#8221;][et_pb_text module_class=&#8221;custombloch3&#8243; _builder_version=&#8221;4.27.6&#8243; _module_preset=&#8221;default&#8221; text_font=&#8221;Montserrat||||||||&#8221; text_text_color=&#8221;#000000&#8243; text_font_size=&#8221;16px&#8221; text_line_height=&#8221;1.6em&#8221; header_font=&#8221;Montserrat|700|||||||&#8221; header_text_color=&#8221;#000000&#8243; header_font_size=&#8221;25px&#8221; header_2_font=&#8221;Montserrat||||||||&#8221; header_2_text_align=&#8221;center&#8221; header_2_text_color=&#8221;#006275&#8243; header_2_font_size=&#8221;16px&#8221; header_2_line_height=&#8221;2em&#8221; header_3_font=&#8221;Montserrat|700|||||||&#8221; header_3_text_align=&#8221;left&#8221; header_3_text_color=&#8221;#201f1f&#8221; header_3_font_size=&#8221;25px&#8221; header_3_line_height=&#8221;1.4em&#8221; custom_margin=&#8221;||||false|false&#8221; custom_margin_tablet=&#8221;||||false|false&#8221; custom_margin_phone=&#8221;||||false|false&#8221; custom_margin_last_edited=&#8221;off|desktop&#8221; hover_enabled=&#8221;0&#8243; text_font_size_phone=&#8221;16px&#8221; text_font_size_last_edited=&#8221;off|desktop&#8221; header_2_line_height_tablet=&#8221;2em&#8221; header_2_line_height_phone=&#8221;1.4em&#8221; header_2_line_height_last_edited=&#8221;on|phone&#8221; header_3_line_height_phone=&#8221;1.4em&#8221; header_3_line_height_last_edited=&#8221;off|desktop&#8221; custom_css_free_form=&#8221;.custombloch3 h3 {||  margin-bottom: 30px||}&#8221; global_colors_info=&#8221;{}&#8221; sticky_enabled=&#8221;0&#8243;]<\/p>\n<p><strong>Si\u00e8ge social Suisse<\/strong><\/p>\n<p>Ce site est \u00e9dit\u00e9 par : MID Digital<br \/>Raison sociale : Ophta Services S\u00e0rl<br \/>Adresse du si\u00e8ge social : 2 Rue de la Gare, 1296 Coppet, Vaud<br \/>Responsable de la r\u00e9daction : Monsieur Eric Parent<br \/>T\u00e9l\u00e9phone : +41 78 223 04 51<br \/>Email de contact : contact@ophtavenir.ch<br \/>Capital nominal : 20\u2019000 CHF<br \/>Forme juridique : Soci\u00e9t\u00e9 anonyme<br \/>Num\u00e9ro UID : CHE-347.374.194<\/p>\n<p>Ce site est h\u00e9berg\u00e9 par :<br \/>Infomaniak Network SA<br \/>Rue Eug\u00e8ne Marziano 25, 1227 Les Acacias (GE)<br \/>T\u00e9l : +33 9 71 03 02 64<\/p>\n<p>[\/et_pb_text][\/et_pb_column][et_pb_column type=&#8221;1_2&#8243; _builder_version=&#8221;4.27.4&#8243; _module_preset=&#8221;default&#8221; custom_padding_tablet=&#8221;50px||||false|false&#8221; custom_padding_phone=&#8221;50px||||false|false&#8221; custom_padding_last_edited=&#8221;on|phone&#8221; global_colors_info=&#8221;{}&#8221;][et_pb_text module_class=&#8221;custombloch3&#8243; _builder_version=&#8221;4.27.6&#8243; _module_preset=&#8221;default&#8221; text_font=&#8221;Montserrat||||||||&#8221; text_text_color=&#8221;#000000&#8243; text_font_size=&#8221;16px&#8221; text_line_height=&#8221;1.6em&#8221; header_font=&#8221;Montserrat|700|||||||&#8221; header_text_color=&#8221;#000000&#8243; header_font_size=&#8221;25px&#8221; header_2_font=&#8221;Montserrat||||||||&#8221; header_2_text_align=&#8221;center&#8221; header_2_text_color=&#8221;#006275&#8243; header_2_font_size=&#8221;16px&#8221; header_2_line_height=&#8221;2em&#8221; header_3_font=&#8221;Montserrat|700|||||||&#8221; header_3_text_align=&#8221;left&#8221; header_3_text_color=&#8221;#201f1f&#8221; header_3_font_size=&#8221;25px&#8221; header_3_line_height=&#8221;1.4em&#8221; custom_margin=&#8221;||||false|false&#8221; custom_margin_tablet=&#8221;||||false|false&#8221; custom_margin_phone=&#8221;||||false|false&#8221; custom_margin_last_edited=&#8221;off|desktop&#8221; hover_enabled=&#8221;0&#8243; text_font_size_phone=&#8221;16px&#8221; text_font_size_last_edited=&#8221;off|desktop&#8221; header_2_line_height_tablet=&#8221;2em&#8221; header_2_line_height_phone=&#8221;1.4em&#8221; header_2_line_height_last_edited=&#8221;on|phone&#8221; header_3_line_height_phone=&#8221;1.4em&#8221; header_3_line_height_last_edited=&#8221;off|desktop&#8221; custom_css_free_form=&#8221;.custombloch3 h3 {||  margin-bottom: 30px||}&#8221; global_colors_info=&#8221;{}&#8221; sticky_enabled=&#8221;0&#8243;]<\/p>\n<p><strong>Si\u00e8ge social France<\/strong><\/p>\n<p>Ce site est \u00e9dit\u00e9 par : MID Digital<br \/>Raison sociale : Sant\u00e9 Avenir France<br \/>Adresse du si\u00e8ge social : 31 Rue Laure Diebold DMCI, 69009 Lyon<br \/>Responsable de la r\u00e9daction : Monsieur Eric Parent<br \/>T\u00e9l\u00e9phone : +33 6 99 14 65 30<br \/>Email de contact : contact@ophtavenir.ch<br \/>Capital nominal : 246&#8217;500 \u20ac<br \/>Forme juridique : Soci\u00e9t\u00e9 par actions simplifi\u00e9e unipersonnelle<br \/>Num\u00e9ro UID : 828 082 503 R.C.S. Lyon<\/p>\n<p>Ce site est h\u00e9berg\u00e9 par :<br \/>Infomaniak Network SA<br \/>Rue Eug\u00e8ne Marziano 25, 1227 Les Acacias (GE)<br \/>T\u00e9l : +33 9 71 03 02 64<\/p>\n<p>[\/et_pb_text][\/et_pb_column][\/et_pb_row][\/et_pb_section]<\/p>\n","protected":false},"excerpt":{"rendered":"<p>Mentions l\u00e9galesSi\u00e8ge social Suisse Ce site est \u00e9dit\u00e9 par : MID DigitalRaison sociale : Ophta Services S\u00e0rlAdresse du si\u00e8ge social : 2 Rue de la Gare, 1296 Coppet, VaudResponsable de la r\u00e9daction : Monsieur Eric ParentT\u00e9l\u00e9phone : +41 78 223 04 51Email de contact : contact@ophtavenir.chCapital nominal : 20\u2019000 CHFForme juridique : Soci\u00e9t\u00e9 anonymeNum\u00e9ro UID : CHE-347.374.194 Ce site est h\u00e9berg\u00e9 par :Infomaniak Network SARue Eug\u00e8ne Marziano 25, 1227 Les Acacias (GE)T\u00e9l : +33 9 71 03 02 64Si\u00e8ge social France Ce site est \u00e9dit\u00e9 par : MID DigitalRaison sociale : Sant\u00e9 Avenir FranceAdresse du si\u00e8ge social : 31 Rue Laure Diebold DMCI, 69009 LyonResponsable de la r\u00e9daction : Monsieur Eric ParentT\u00e9l\u00e9phone : +33 6 99 14 65 30Email de contact : contact@ophtavenir.chCapital nominal : 246&#8217;500 \u20acForme juridique : Soci\u00e9t\u00e9 par actions simplifi\u00e9e unipersonnelleNum\u00e9ro UID : 828 082 503 R.C.S. Lyon Ce site est h\u00e9berg\u00e9 par :Infomaniak Network SARue Eug\u00e8ne Marziano 25, 1227 Les Acacias (GE)T\u00e9l : +33 9 71 03 02 64<\/p>\n","protected":false},"author":1,"featured_media":0,"parent":0,"menu_order":0,"comment_status":"closed","ping_status":"closed","template":"","meta":{"_et_pb_use_builder":"on","_et_pb_old_content":"","_et_gb_content_width":"","footnotes":""},"class_list":["post-262944","page","type-page","status-publish","hentry"],"yoast_head":"<!-- This site is optimized with the Yoast SEO plugin v27.1.1 - https:\/\/yoast.com\/product\/yoast-seo-wordpress\/ -->\n<title>Privacy Policy - Ophtavenir<\/title>\n<meta name=\"robots\" content=\"index, follow, max-snippet:-1, max-image-preview:large, max-video-preview:-1\" \/>\n<link rel=\"canonical\" href=\"https:\/\/ophtavenir.com\/en\/privacy-policy\/\" \/>\n<meta property=\"og:locale\" content=\"en_US\" \/>\n<meta property=\"og:type\" content=\"article\" \/>\n<meta property=\"og:title\" content=\"Privacy Policy - Ophtavenir\" \/>\n<meta property=\"og:description\" content=\"Mentions l\u00e9galesSi\u00e8ge social Suisse Ce site est \u00e9dit\u00e9 par : MID DigitalRaison sociale : Ophta Services S\u00e0rlAdresse du si\u00e8ge social : 2 Rue de la Gare, 1296 Coppet, VaudResponsable de la r\u00e9daction : Monsieur Eric ParentT\u00e9l\u00e9phone : +41 78 223 04 51Email de contact : contact@ophtavenir.chCapital nominal : 20\u2019000 CHFForme juridique : Soci\u00e9t\u00e9 anonymeNum\u00e9ro UID : CHE-347.374.194 Ce site est h\u00e9berg\u00e9 par :Infomaniak Network SARue Eug\u00e8ne Marziano 25, 1227 Les Acacias (GE)T\u00e9l : +33 9 71 03 02 64Si\u00e8ge social France Ce site est \u00e9dit\u00e9 par : MID DigitalRaison sociale : Sant\u00e9 Avenir FranceAdresse du si\u00e8ge social : 31 Rue Laure Diebold DMCI, 69009 LyonResponsable de la r\u00e9daction : Monsieur Eric ParentT\u00e9l\u00e9phone : +33 6 99 14 65 30Email de contact : contact@ophtavenir.chCapital nominal : 246&#039;500 \u20acForme juridique : Soci\u00e9t\u00e9 par actions simplifi\u00e9e unipersonnelleNum\u00e9ro UID : 828 082 503 R.C.S. Lyon Ce site est h\u00e9berg\u00e9 par :Infomaniak Network SARue Eug\u00e8ne Marziano 25, 1227 Les Acacias (GE)T\u00e9l : +33 9 71 03 02 64\" \/>\n<meta property=\"og:url\" content=\"https:\/\/ophtavenir.com\/en\/privacy-policy\/\" \/>\n<meta property=\"og:site_name\" content=\"Ophtavenir\" \/>\n<meta property=\"article:modified_time\" content=\"2026-03-20T13:51:24+00:00\" \/>\n<meta name=\"twitter:card\" content=\"summary_large_image\" \/>\n<meta name=\"twitter:label1\" content=\"Est. reading time\" \/>\n\t<meta name=\"twitter:data1\" content=\"4 minutes\" \/>\n<script type=\"application\/ld+json\" class=\"yoast-schema-graph\">{\"@context\":\"https:\/\/schema.org\",\"@graph\":[{\"@type\":\"WebPage\",\"@id\":\"https:\/\/ophtavenir.com\/en\/privacy-policy\/\",\"url\":\"https:\/\/ophtavenir.com\/en\/privacy-policy\/\",\"name\":\"Privacy Policy - Ophtavenir\",\"isPartOf\":{\"@id\":\"https:\/\/ophtavenir.com\/en\/#website\"},\"datePublished\":\"2025-04-26T21:09:58+00:00\",\"dateModified\":\"2026-03-20T13:51:24+00:00\",\"breadcrumb\":{\"@id\":\"https:\/\/ophtavenir.com\/en\/privacy-policy\/#breadcrumb\"},\"inLanguage\":\"en-US\",\"potentialAction\":[{\"@type\":\"ReadAction\",\"target\":[\"https:\/\/ophtavenir.com\/en\/privacy-policy\/\"]}]},{\"@type\":\"BreadcrumbList\",\"@id\":\"https:\/\/ophtavenir.com\/en\/privacy-policy\/#breadcrumb\",\"itemListElement\":[{\"@type\":\"ListItem\",\"position\":1,\"name\":\"Home\",\"item\":\"https:\/\/ophtavenir.com\/en\/\"},{\"@type\":\"ListItem\",\"position\":2,\"name\":\"Privacy Policy\"}]},{\"@type\":\"WebSite\",\"@id\":\"https:\/\/ophtavenir.com\/en\/#website\",\"url\":\"https:\/\/ophtavenir.com\/en\/\",\"name\":\"Ophtavenir\",\"description\":\"Ophtavenir, let's create your medical project\",\"publisher\":{\"@id\":\"https:\/\/ophtavenir.com\/en\/#organization\"},\"potentialAction\":[{\"@type\":\"SearchAction\",\"target\":{\"@type\":\"EntryPoint\",\"urlTemplate\":\"https:\/\/ophtavenir.com\/en\/?s={search_term_string}\"},\"query-input\":{\"@type\":\"PropertyValueSpecification\",\"valueRequired\":true,\"valueName\":\"search_term_string\"}}],\"inLanguage\":\"en-US\"},{\"@type\":\"Organization\",\"@id\":\"https:\/\/ophtavenir.com\/en\/#organization\",\"name\":\"Ophtavenir\",\"url\":\"https:\/\/ophtavenir.com\/en\/\",\"logo\":{\"@type\":\"ImageObject\",\"inLanguage\":\"en-US\",\"@id\":\"https:\/\/ophtavenir.com\/en\/#\/schema\/logo\/image\/\",\"url\":\"https:\/\/ophtavenir.com\/wp-content\/uploads\/2025\/05\/Logo-Ophtavenir-Centres-Ophtalmologiques-Independants-Suisse-France.webp\",\"contentUrl\":\"https:\/\/ophtavenir.com\/wp-content\/uploads\/2025\/05\/Logo-Ophtavenir-Centres-Ophtalmologiques-Independants-Suisse-France.webp\",\"width\":2295,\"height\":825,\"caption\":\"Ophtavenir\"},\"image\":{\"@id\":\"https:\/\/ophtavenir.com\/en\/#\/schema\/logo\/image\/\"}}]}<\/script>\n<!-- \/ Yoast SEO plugin. -->","yoast_head_json":{"title":"Privacy Policy - Ophtavenir","robots":{"index":"index","follow":"follow","max-snippet":"max-snippet:-1","max-image-preview":"max-image-preview:large","max-video-preview":"max-video-preview:-1"},"canonical":"https:\/\/ophtavenir.com\/en\/privacy-policy\/","og_locale":"en_US","og_type":"article","og_title":"Privacy Policy - Ophtavenir","og_description":"Mentions l\u00e9galesSi\u00e8ge social Suisse Ce site est \u00e9dit\u00e9 par : MID DigitalRaison sociale : Ophta Services S\u00e0rlAdresse du si\u00e8ge social : 2 Rue de la Gare, 1296 Coppet, VaudResponsable de la r\u00e9daction : Monsieur Eric ParentT\u00e9l\u00e9phone : +41 78 223 04 51Email de contact : contact@ophtavenir.chCapital nominal : 20\u2019000 CHFForme juridique : Soci\u00e9t\u00e9 anonymeNum\u00e9ro UID : CHE-347.374.194 Ce site est h\u00e9berg\u00e9 par :Infomaniak Network SARue Eug\u00e8ne Marziano 25, 1227 Les Acacias (GE)T\u00e9l : +33 9 71 03 02 64Si\u00e8ge social France Ce site est \u00e9dit\u00e9 par : MID DigitalRaison sociale : Sant\u00e9 Avenir FranceAdresse du si\u00e8ge social : 31 Rue Laure Diebold DMCI, 69009 LyonResponsable de la r\u00e9daction : Monsieur Eric ParentT\u00e9l\u00e9phone : +33 6 99 14 65 30Email de contact : contact@ophtavenir.chCapital nominal : 246'500 \u20acForme juridique : Soci\u00e9t\u00e9 par actions simplifi\u00e9e unipersonnelleNum\u00e9ro UID : 828 082 503 R.C.S. Lyon Ce site est h\u00e9berg\u00e9 par :Infomaniak Network SARue Eug\u00e8ne Marziano 25, 1227 Les Acacias (GE)T\u00e9l : +33 9 71 03 02 64","og_url":"https:\/\/ophtavenir.com\/en\/privacy-policy\/","og_site_name":"Ophtavenir","article_modified_time":"2026-03-20T13:51:24+00:00","twitter_card":"summary_large_image","twitter_misc":{"Est. reading time":"4 minutes"},"schema":{"@context":"https:\/\/schema.org","@graph":[{"@type":"WebPage","@id":"https:\/\/ophtavenir.com\/en\/privacy-policy\/","url":"https:\/\/ophtavenir.com\/en\/privacy-policy\/","name":"Privacy Policy - Ophtavenir","isPartOf":{"@id":"https:\/\/ophtavenir.com\/en\/#website"},"datePublished":"2025-04-26T21:09:58+00:00","dateModified":"2026-03-20T13:51:24+00:00","breadcrumb":{"@id":"https:\/\/ophtavenir.com\/en\/privacy-policy\/#breadcrumb"},"inLanguage":"en-US","potentialAction":[{"@type":"ReadAction","target":["https:\/\/ophtavenir.com\/en\/privacy-policy\/"]}]},{"@type":"BreadcrumbList","@id":"https:\/\/ophtavenir.com\/en\/privacy-policy\/#breadcrumb","itemListElement":[{"@type":"ListItem","position":1,"name":"Home","item":"https:\/\/ophtavenir.com\/en\/"},{"@type":"ListItem","position":2,"name":"Privacy Policy"}]},{"@type":"WebSite","@id":"https:\/\/ophtavenir.com\/en\/#website","url":"https:\/\/ophtavenir.com\/en\/","name":"Ophtavenir","description":"Ophtavenir, let's create your medical project","publisher":{"@id":"https:\/\/ophtavenir.com\/en\/#organization"},"potentialAction":[{"@type":"SearchAction","target":{"@type":"EntryPoint","urlTemplate":"https:\/\/ophtavenir.com\/en\/?s={search_term_string}"},"query-input":{"@type":"PropertyValueSpecification","valueRequired":true,"valueName":"search_term_string"}}],"inLanguage":"en-US"},{"@type":"Organization","@id":"https:\/\/ophtavenir.com\/en\/#organization","name":"Ophtavenir","url":"https:\/\/ophtavenir.com\/en\/","logo":{"@type":"ImageObject","inLanguage":"en-US","@id":"https:\/\/ophtavenir.com\/en\/#\/schema\/logo\/image\/","url":"https:\/\/ophtavenir.com\/wp-content\/uploads\/2025\/05\/Logo-Ophtavenir-Centres-Ophtalmologiques-Independants-Suisse-France.webp","contentUrl":"https:\/\/ophtavenir.com\/wp-content\/uploads\/2025\/05\/Logo-Ophtavenir-Centres-Ophtalmologiques-Independants-Suisse-France.webp","width":2295,"height":825,"caption":"Ophtavenir"},"image":{"@id":"https:\/\/ophtavenir.com\/en\/#\/schema\/logo\/image\/"}}]}},"_links":{"self":[{"href":"https:\/\/ophtavenir.com\/en\/wp-json\/wp\/v2\/pages\/262944","targetHints":{"allow":["GET"]}}],"collection":[{"href":"https:\/\/ophtavenir.com\/en\/wp-json\/wp\/v2\/pages"}],"about":[{"href":"https:\/\/ophtavenir.com\/en\/wp-json\/wp\/v2\/types\/page"}],"author":[{"embeddable":true,"href":"https:\/\/ophtavenir.com\/en\/wp-json\/wp\/v2\/users\/1"}],"replies":[{"embeddable":true,"href":"https:\/\/ophtavenir.com\/en\/wp-json\/wp\/v2\/comments?post=262944"}],"version-history":[{"count":2,"href":"https:\/\/ophtavenir.com\/en\/wp-json\/wp\/v2\/pages\/262944\/revisions"}],"predecessor-version":[{"id":264446,"href":"https:\/\/ophtavenir.com\/en\/wp-json\/wp\/v2\/pages\/262944\/revisions\/264446"}],"wp:attachment":[{"href":"https:\/\/ophtavenir.com\/en\/wp-json\/wp\/v2\/media?parent=262944"}],"curies":[{"name":"wp","href":"https:\/\/api.w.org\/{rel}","templated":true}]}}